{"id":487,"date":"2025-09-30T10:00:07","date_gmt":"2025-09-30T08:00:07","guid":{"rendered":"https:\/\/romanzaitsev24.thkit.ee\/wp\/?page_id=487"},"modified":"2025-11-13T14:49:37","modified_gmt":"2025-11-13T12:49:37","slug":"info-minust","status":"publish","type":"page","link":"https:\/\/romanzaitsev24.thkit.ee\/wp\/","title":{"rendered":"info minust"},"content":{"rendered":"\n<figure class=\"wp-block-image is-resized\" id=\"block-72b29bc2-54f6-4234-aa8d-50b9a003b650\"><img decoding=\"async\" src=\"https:\/\/romanzaitsev24.thkit.ee\/wp\/eng\/wp-content\/uploads\/sites\/6\/2025\/11\/3ca309cee4bc7f9432ee55dd4a9f4b32.1000x1000x1.jpg\" alt=\"This image has an empty alt attribute; its file name is 3ca309cee4bc7f9432ee55dd4a9f4b32.1000x1000x1.jpg\" style=\"width:402px;height:auto\"\/><\/figure>\n\n\n\n<p><\/p>\n\n\n\n<p>Minu nimi on <strong>Roman Zaitsev<\/strong>. Olen noor ja sihikindel inimene, kellel on suur huvi tehnoloogia ja programmeerimise vastu. Hetkel \u00f5pin <strong>Tallinna T\u00f6\u00f6stushariduskeskuses (TTHK)<\/strong>, mis on \u00fcks Eesti tuntumaid ja hinnatumaid kutse\u00f5ppeasutusi. TTHK pakub v\u00e4ga mitmekesist ja praktilist haridust, mis valmistab \u00f5pilasi ette t\u00e4nap\u00e4eva t\u00f6\u00f6turu vajadusteks. Mina olen valinud endale eriala, mis mind t\u00f5eliselt huvitab \u2013 <strong>tarkvaraarendus<\/strong>. \u00d5pin tarkvaraarendajaks ning praegu olen <strong>teisel kursusel<\/strong>.<\/p>\n\n\n\n<p>Tarkvaraarenduse eriala on v\u00e4ga huvitav ja samas ka v\u00e4ljakutsuv. Meie \u00f5pingud h\u00f5lmavad erinevaid programmeerimiskeeli, nagu n\u00e4iteks <strong>Python<\/strong>, <strong>Java<\/strong>, <strong>JavaScript<\/strong>, ja <strong>C#<\/strong>. Lisaks \u00f5pime veebiarendust, andmebaaside haldamist, kasutajaliideste kujundamist ning tarkvaraprojektide planeerimist ja testimist. K\u00f5ik need teadmised aitavad mul m\u00f5ista, kuidas luuakse toimivaid, turvalisi ja kasutajas\u00f5bralikke rakendusi.<\/p>\n\n\n\n<p>\u00d5pingute jooksul olen \u00f5ppinud, et tarkvaraarendaja t\u00f6\u00f6 ei t\u00e4henda ainult koodi kirjutamist. V\u00e4ga oluline on ka <strong>loogiline m\u00f5tlemine<\/strong>, <strong>meeskonnat\u00f6\u00f6 oskus<\/strong>, <strong>probleemide lahendamine<\/strong> ja <strong>t\u00e4helepanu detailidele<\/strong>. Sageli tuleb ette olukordi, kus kood ei t\u00f6\u00f6ta nii, nagu peaks, ja siis tuleb rahulikult anal\u00fc\u00fcsida, milles viga seisneb. Sellised hetked \u00f5petavad kannatlikkust ja sihikindlust.<\/p>\n\n\n\n<p>Minu eesm\u00e4rk on tulevikus saada professionaalseks tarkvaraarendajaks ning t\u00f6\u00f6tada valdkonnas, mis v\u00f5imaldab mul pidevalt areneda ja uusi oskusi omandada. Soovin luua programme ja rakendusi, mis muudavad inimeste elu lihtsamaks ja huvitavamaks. Ma usun, et t\u00e4nap\u00e4eva maailmas, kus tehnoloogia areneb v\u00e4ga kiiresti, on tarkvaraarendajal suured v\u00f5imalused ja vastutus.<\/p>\n\n\n\n<p>\u00d5pingud TTHK-s on andnud mulle tugeva aluse ja kindlustunde, et olen \u00f5igel teel. Olen uhke oma eriala \u00fcle ja ootan p\u00f5nevusega, millised v\u00e4ljakutsed ja v\u00f5imalused mind tulevikus ees ootavad.<br><\/p>\n\n\n\n<p><\/p>\n","protected":false},"excerpt":{"rendered":"<p>Minu nimi on Roman Zaitsev. Olen noor ja sihikindel inimene, kellel on suur huvi tehnoloogia ja programmeerimise vastu. Hetkel \u00f5pin Tallinna T\u00f6\u00f6stushariduskeskuses (TTHK), mis on \u00fcks Eesti tuntumaid ja hinnatumaid kutse\u00f5ppeasutusi. TTHK pakub v\u00e4ga mitmekesist ja praktilist haridust, mis valmistab \u00f5pilasi ette t\u00e4nap\u00e4eva t\u00f6\u00f6turu vajadusteks. Mina olen valinud endale eriala, mis mind t\u00f5eliselt huvitab \u2013 [&hellip;]<\/p>\n","protected":false},"author":1,"featured_media":0,"parent":0,"menu_order":0,"comment_status":"closed","ping_status":"closed","template":"","meta":{"footnotes":""},"class_list":["post-487","page","type-page","status-publish","hentry"],"yoast_head":"<!-- This site is optimized with the Yoast SEO plugin v27.4 - https:\/\/yoast.com\/product\/yoast-seo-wordpress\/ -->\n<title>info minust - Roman Zaitsev Portfoolio | EST<\/title>\n<meta name=\"description\" content=\"info-minust Minu nimi on Roman Zaitsev. Roman Zaitsev Portfoolio | EST Noorem Tarkvaraarendaja\" \/>\n<meta name=\"robots\" content=\"index, follow, max-snippet:-1, max-image-preview:large, max-video-preview:-1\" \/>\n<link rel=\"canonical\" href=\"https:\/\/romanzaitsev24.thkit.ee\/wp\/\" \/>\n<meta property=\"og:locale\" content=\"et_EE\" \/>\n<meta property=\"og:type\" content=\"article\" \/>\n<meta property=\"og:title\" content=\"info minust - Roman Zaitsev Portfoolio | EST\" \/>\n<meta property=\"og:description\" content=\"info-minust Minu nimi on Roman Zaitsev. Roman Zaitsev Portfoolio | EST Noorem Tarkvaraarendaja\" \/>\n<meta property=\"og:url\" content=\"https:\/\/romanzaitsev24.thkit.ee\/wp\/\" \/>\n<meta property=\"og:site_name\" content=\"Roman Zaitsev Portfoolio | EST\" \/>\n<meta property=\"article:modified_time\" content=\"2025-11-13T12:49:37+00:00\" \/>\n<meta property=\"og:image\" content=\"https:\/\/romanzaitsev24.thkit.ee\/wp\/eng\/wp-content\/uploads\/sites\/6\/2025\/11\/3ca309cee4bc7f9432ee55dd4a9f4b32.1000x1000x1.jpg\" \/>\n<meta name=\"twitter:card\" content=\"summary_large_image\" \/>\n<meta name=\"twitter:label1\" content=\"Est. reading time\" \/>\n\t<meta name=\"twitter:data1\" content=\"2 minutit\" \/>\n<script type=\"application\/ld+json\" class=\"yoast-schema-graph\">{\"@context\":\"https:\\\/\\\/schema.org\",\"@graph\":[{\"@type\":\"WebPage\",\"@id\":\"https:\\\/\\\/romanzaitsev24.thkit.ee\\\/wp\\\/\",\"url\":\"https:\\\/\\\/romanzaitsev24.thkit.ee\\\/wp\\\/\",\"name\":\"info minust - Roman Zaitsev Portfoolio | EST\",\"isPartOf\":{\"@id\":\"https:\\\/\\\/romanzaitsev24.thkit.ee\\\/wp\\\/#website\"},\"primaryImageOfPage\":{\"@id\":\"https:\\\/\\\/romanzaitsev24.thkit.ee\\\/wp\\\/#primaryimage\"},\"image\":{\"@id\":\"https:\\\/\\\/romanzaitsev24.thkit.ee\\\/wp\\\/#primaryimage\"},\"thumbnailUrl\":\"https:\\\/\\\/romanzaitsev24.thkit.ee\\\/wp\\\/eng\\\/wp-content\\\/uploads\\\/sites\\\/6\\\/2025\\\/11\\\/3ca309cee4bc7f9432ee55dd4a9f4b32.1000x1000x1.jpg\",\"datePublished\":\"2025-09-30T08:00:07+00:00\",\"dateModified\":\"2025-11-13T12:49:37+00:00\",\"description\":\"info-minust Minu nimi on Roman Zaitsev. Roman Zaitsev Portfoolio | EST Noorem Tarkvaraarendaja\",\"breadcrumb\":{\"@id\":\"https:\\\/\\\/romanzaitsev24.thkit.ee\\\/wp\\\/#breadcrumb\"},\"inLanguage\":\"et\",\"potentialAction\":[{\"@type\":\"ReadAction\",\"target\":[\"https:\\\/\\\/romanzaitsev24.thkit.ee\\\/wp\\\/\"]}]},{\"@type\":\"ImageObject\",\"inLanguage\":\"et\",\"@id\":\"https:\\\/\\\/romanzaitsev24.thkit.ee\\\/wp\\\/#primaryimage\",\"url\":\"https:\\\/\\\/romanzaitsev24.thkit.ee\\\/wp\\\/eng\\\/wp-content\\\/uploads\\\/sites\\\/6\\\/2025\\\/11\\\/3ca309cee4bc7f9432ee55dd4a9f4b32.1000x1000x1.jpg\",\"contentUrl\":\"https:\\\/\\\/romanzaitsev24.thkit.ee\\\/wp\\\/eng\\\/wp-content\\\/uploads\\\/sites\\\/6\\\/2025\\\/11\\\/3ca309cee4bc7f9432ee55dd4a9f4b32.1000x1000x1.jpg\"},{\"@type\":\"BreadcrumbList\",\"@id\":\"https:\\\/\\\/romanzaitsev24.thkit.ee\\\/wp\\\/#breadcrumb\",\"itemListElement\":[{\"@type\":\"ListItem\",\"position\":1,\"name\":\"Home\",\"item\":\"https:\\\/\\\/romanzaitsev24.thkit.ee\\\/wp\\\/\"},{\"@type\":\"ListItem\",\"position\":2,\"name\":\"info minust\"}]},{\"@type\":\"WebSite\",\"@id\":\"https:\\\/\\\/romanzaitsev24.thkit.ee\\\/wp\\\/#website\",\"url\":\"https:\\\/\\\/romanzaitsev24.thkit.ee\\\/wp\\\/\",\"name\":\"Roman Zaitsev Portfoolio | EST\",\"description\":\"Noorem Tarkvaraarendaja\",\"potentialAction\":[{\"@type\":\"SearchAction\",\"target\":{\"@type\":\"EntryPoint\",\"urlTemplate\":\"https:\\\/\\\/romanzaitsev24.thkit.ee\\\/wp\\\/?s={search_term_string}\"},\"query-input\":{\"@type\":\"PropertyValueSpecification\",\"valueRequired\":true,\"valueName\":\"search_term_string\"}}],\"inLanguage\":\"et\"}]}<\/script>\n<!-- \/ Yoast SEO plugin. -->","yoast_head_json":{"title":"info minust - Roman Zaitsev Portfoolio | EST","description":"info-minust Minu nimi on Roman Zaitsev. Roman Zaitsev Portfoolio | EST Noorem Tarkvaraarendaja","robots":{"index":"index","follow":"follow","max-snippet":"max-snippet:-1","max-image-preview":"max-image-preview:large","max-video-preview":"max-video-preview:-1"},"canonical":"https:\/\/romanzaitsev24.thkit.ee\/wp\/","og_locale":"et_EE","og_type":"article","og_title":"info minust - Roman Zaitsev Portfoolio | EST","og_description":"info-minust Minu nimi on Roman Zaitsev. Roman Zaitsev Portfoolio | EST Noorem Tarkvaraarendaja","og_url":"https:\/\/romanzaitsev24.thkit.ee\/wp\/","og_site_name":"Roman Zaitsev Portfoolio | EST","article_modified_time":"2025-11-13T12:49:37+00:00","og_image":[{"url":"https:\/\/romanzaitsev24.thkit.ee\/wp\/eng\/wp-content\/uploads\/sites\/6\/2025\/11\/3ca309cee4bc7f9432ee55dd4a9f4b32.1000x1000x1.jpg","type":"","width":"","height":""}],"twitter_card":"summary_large_image","twitter_misc":{"Est. reading time":"2 minutit"},"schema":{"@context":"https:\/\/schema.org","@graph":[{"@type":"WebPage","@id":"https:\/\/romanzaitsev24.thkit.ee\/wp\/","url":"https:\/\/romanzaitsev24.thkit.ee\/wp\/","name":"info minust - Roman Zaitsev Portfoolio | EST","isPartOf":{"@id":"https:\/\/romanzaitsev24.thkit.ee\/wp\/#website"},"primaryImageOfPage":{"@id":"https:\/\/romanzaitsev24.thkit.ee\/wp\/#primaryimage"},"image":{"@id":"https:\/\/romanzaitsev24.thkit.ee\/wp\/#primaryimage"},"thumbnailUrl":"https:\/\/romanzaitsev24.thkit.ee\/wp\/eng\/wp-content\/uploads\/sites\/6\/2025\/11\/3ca309cee4bc7f9432ee55dd4a9f4b32.1000x1000x1.jpg","datePublished":"2025-09-30T08:00:07+00:00","dateModified":"2025-11-13T12:49:37+00:00","description":"info-minust Minu nimi on Roman Zaitsev. Roman Zaitsev Portfoolio | EST Noorem Tarkvaraarendaja","breadcrumb":{"@id":"https:\/\/romanzaitsev24.thkit.ee\/wp\/#breadcrumb"},"inLanguage":"et","potentialAction":[{"@type":"ReadAction","target":["https:\/\/romanzaitsev24.thkit.ee\/wp\/"]}]},{"@type":"ImageObject","inLanguage":"et","@id":"https:\/\/romanzaitsev24.thkit.ee\/wp\/#primaryimage","url":"https:\/\/romanzaitsev24.thkit.ee\/wp\/eng\/wp-content\/uploads\/sites\/6\/2025\/11\/3ca309cee4bc7f9432ee55dd4a9f4b32.1000x1000x1.jpg","contentUrl":"https:\/\/romanzaitsev24.thkit.ee\/wp\/eng\/wp-content\/uploads\/sites\/6\/2025\/11\/3ca309cee4bc7f9432ee55dd4a9f4b32.1000x1000x1.jpg"},{"@type":"BreadcrumbList","@id":"https:\/\/romanzaitsev24.thkit.ee\/wp\/#breadcrumb","itemListElement":[{"@type":"ListItem","position":1,"name":"Home","item":"https:\/\/romanzaitsev24.thkit.ee\/wp\/"},{"@type":"ListItem","position":2,"name":"info minust"}]},{"@type":"WebSite","@id":"https:\/\/romanzaitsev24.thkit.ee\/wp\/#website","url":"https:\/\/romanzaitsev24.thkit.ee\/wp\/","name":"Roman Zaitsev Portfoolio | EST","description":"Noorem Tarkvaraarendaja","potentialAction":[{"@type":"SearchAction","target":{"@type":"EntryPoint","urlTemplate":"https:\/\/romanzaitsev24.thkit.ee\/wp\/?s={search_term_string}"},"query-input":{"@type":"PropertyValueSpecification","valueRequired":true,"valueName":"search_term_string"}}],"inLanguage":"et"}]}},"_links":{"self":[{"href":"https:\/\/romanzaitsev24.thkit.ee\/wp\/wp-json\/wp\/v2\/pages\/487","targetHints":{"allow":["GET"]}}],"collection":[{"href":"https:\/\/romanzaitsev24.thkit.ee\/wp\/wp-json\/wp\/v2\/pages"}],"about":[{"href":"https:\/\/romanzaitsev24.thkit.ee\/wp\/wp-json\/wp\/v2\/types\/page"}],"author":[{"embeddable":true,"href":"https:\/\/romanzaitsev24.thkit.ee\/wp\/wp-json\/wp\/v2\/users\/1"}],"replies":[{"embeddable":true,"href":"https:\/\/romanzaitsev24.thkit.ee\/wp\/wp-json\/wp\/v2\/comments?post=487"}],"version-history":[{"count":9,"href":"https:\/\/romanzaitsev24.thkit.ee\/wp\/wp-json\/wp\/v2\/pages\/487\/revisions"}],"predecessor-version":[{"id":837,"href":"https:\/\/romanzaitsev24.thkit.ee\/wp\/wp-json\/wp\/v2\/pages\/487\/revisions\/837"}],"wp:attachment":[{"href":"https:\/\/romanzaitsev24.thkit.ee\/wp\/wp-json\/wp\/v2\/media?parent=487"}],"curies":[{"name":"wp","href":"https:\/\/api.w.org\/{rel}","templated":true}]}}